{"id":821,"date":"2013-11-03T02:56:30","date_gmt":"2013-11-03T02:56:30","guid":{"rendered":"http:\/\/bbp.wp.nw\/?page_id=2"},"modified":"2013-11-03T02:56:30","modified_gmt":"2013-11-03T02:56:30","slug":"sample-page","status":"publish","type":"page","link":"https:\/\/www.vuve.net\/index.php\/sample-page\/","title":{"rendered":"Sample Page"},"content":{"rendered":"<p>This is an example page. It&#8217;s different from a blog post because it will stay in one place and will show up in your site navigation (in most themes). Most people start with an About page that introduces them to potential site visitors. It might say something like this:<\/p>\n<blockquote><p>Hi there! I&#8217;m a bike messenger by day, aspiring actor by night, and this is my blog. I live in Los Angeles, have a great dog named Jack, and I like pi&#241;a coladas. (And gettin&#8217; caught in the rain.)<\/p><\/blockquote>\n<p>&#8230;or something like this:<\/p>\n<blockquote><p>The XYZ Doohickey Company was founded in 1971, and has been providing quality doohickeys to the public ever since. Located in Gotham City, XYZ employs over 2,000 people and does all kinds of awesome things for the Gotham community.<\/p><\/blockquote>\n<p>As a new WordPress user, you should go to <a href=\"http:\/\/bbp.wp.nw\/wp-admin\/\">your dashboard<\/a> to delete this page and create new pages for your content. Have fun!<\/p>\n","protected":false},"excerpt":{"rendered":"<p>This is an example page. It&#8217;s different from a blog post because it will stay in one place and will show up in your site navigation (in most themes). Most people start with an About page that introduces them to potential site visitors. It might say something like this: Hi there! I&#8217;m a bike messenger<\/p>\n","protected":false},"author":1,"featured_media":0,"parent":0,"menu_order":0,"comment_status":"open","ping_status":"open","template":"","meta":{"spay_email":"","footnotes":""},"class_list":["post-821","page","type-page","status-publish","hentry"],"jetpack-related-posts":[{"id":1087,"url":"https:\/\/www.vuve.net\/index.php\/sample-page-2\/","url_meta":{"origin":821,"position":0},"title":"Sample Page","date":"3 Kas\u0131m 2013","format":false,"excerpt":"This is an example page. It's different from a blog post because it will stay in one place and will show up in your site navigation (in most themes). Most people start with an About page that introduces them to potential site visitors. It might say something like this: Hi\u2026","rel":"","context":"Benzer yaz\u0131","img":{"alt_text":"","src":"","width":0,"height":0},"classes":[]},{"id":1072,"url":"https:\/\/www.vuve.net\/index.php\/blog\/","url_meta":{"origin":821,"position":1},"title":"Blog","date":"19 Aral\u0131k 2016","format":false,"excerpt":"This is an example page. It's different from a blog post because it will stay in one place and will show up in your site navigation (in most themes). Most people start with an About page that introduces them to potential site visitors. It might say something like this: Hi\u2026","rel":"","context":"Benzer yaz\u0131","img":{"alt_text":"","src":"","width":0,"height":0},"classes":[]},{"id":2,"url":"https:\/\/www.vuve.net\/index.php\/ornek-sayfa\/","url_meta":{"origin":821,"position":2},"title":"\u00d6rnek sayfa","date":"11 Mart 2022","format":false,"excerpt":"Bu \u00f6rnek bir sayfad\u0131r. Bir blog yaz\u0131s\u0131ndan farkl\u0131d\u0131r \u00e7\u00fcnk\u00fc belirli bir yerde sabit olarak kal\u0131r ve teman\u0131z\u0131n dola\u015f\u0131m men\u00fcs\u00fcnde ba\u015fl\u0131\u011f\u0131 g\u00f6r\u00fcnt\u00fclenir(\u00e7o\u011fu tema destekler). Bir \u00e7ok insan potansiyel ziyaret\u00e7ilerini kar\u015f\u0131lamak ad\u0131na bir Hakk\u0131nda sayfas\u0131 kullan\u0131r. \u015euna benzeyen bir sayfa: Merhaba! G\u00fcnd\u00fczleri bisikletli kurye, geceleri ise hevesli bir akt\u00f6r\u00fcm, buras\u0131 da benim\u2026","rel":"","context":"Benzer yaz\u0131","img":{"alt_text":"","src":"","width":0,"height":0},"classes":[]}],"_links":{"self":[{"href":"https:\/\/www.vuve.net\/index.php\/wp-json\/wp\/v2\/pages\/821","targetHints":{"allow":["GET"]}}],"collection":[{"href":"https:\/\/www.vuve.net\/index.php\/wp-json\/wp\/v2\/pages"}],"about":[{"href":"https:\/\/www.vuve.net\/index.php\/wp-json\/wp\/v2\/types\/page"}],"author":[{"embeddable":true,"href":"https:\/\/www.vuve.net\/index.php\/wp-json\/wp\/v2\/users\/1"}],"replies":[{"embeddable":true,"href":"https:\/\/www.vuve.net\/index.php\/wp-json\/wp\/v2\/comments?post=821"}],"version-history":[{"count":0,"href":"https:\/\/www.vuve.net\/index.php\/wp-json\/wp\/v2\/pages\/821\/revisions"}],"wp:attachment":[{"href":"https:\/\/www.vuve.net\/index.php\/wp-json\/wp\/v2\/media?parent=821"}],"curies":[{"name":"wp","href":"https:\/\/api.w.org\/{rel}","templated":true}]}}